{"id":873,"date":"2021-12-12T07:49:32","date_gmt":"2021-12-12T04:49:32","guid":{"rendered":"http:\/\/venussigorta.com\/?page_id=873"},"modified":"2022-01-15T11:19:26","modified_gmt":"2022-01-15T08:19:26","slug":"hizli-teklif-al","status":"publish","type":"page","link":"https:\/\/venussigorta.com\/?page_id=873","title":{"rendered":"H\u0131zl\u0131 Teklif Al"},"content":{"rendered":"<p>[vc_row][vc_column][vc_empty_space][vc_column_text]<\/p>\r\n<div class=\"forminator-guttenberg\"><div class=\"forminator-ui forminator-custom-form forminator-custom-form-894 forminator-design--default  forminator_ajax\" data-forminator-render=\"0\" data-form=\"forminator-module-894\"><br\/><\/div><form\n\t\t\t\tid=\"forminator-module-894\"\n\t\t\t\tclass=\"forminator-ui forminator-custom-form forminator-custom-form-894 forminator-design--default  forminator_ajax\"\n\t\t\t\tmethod=\"post\"\n\t\t\t\tdata-forminator-render=\"0\"\n\t\t\t\tdata-form-id=\"894\"\n\t\t\t\t\n\t\t\t\tdata-design=\"default\"\n\t\t\t\t\n\t\t\t\t\n\t\t\t\t\n\t\t\t\tdata-grid=\"open\"\n\t\t\t\t\n\t\t\t\t\n\t\t\t\tstyle=\"display: none;\"\n\t\t\t><div class=\"forminator-response-message forminator-error\" aria-hidden=\"true\"><\/div><div class=\"forminator-row\"><div id=\"name-1\" class=\"forminator-col forminator-col-6 \"><div class=\"forminator-field\"><label for=\"forminator-field-name-1\" class=\"forminator-label\">Ad<\/label><input type=\"text\" name=\"name-1\" value=\"\" placeholder=\"\" id=\"forminator-field-name-1\" class=\"forminator-input forminator-name--field\" aria-required=\"false\" \/><\/div><\/div><div id=\"name-2\" class=\"forminator-col forminator-col-6 \"><div class=\"forminator-field\"><label for=\"forminator-field-name-2\" class=\"forminator-label\">Soyad<\/label><input type=\"text\" name=\"name-2\" value=\"\" placeholder=\"\" id=\"forminator-field-name-2\" class=\"forminator-input forminator-name--field\" aria-required=\"false\" \/><\/div><\/div><\/div><div class=\"forminator-row\"><div id=\"phone-1\" class=\"forminator-col forminator-col-6 \"><div class=\"forminator-field\"><label for=\"forminator-field-phone-1\" class=\"forminator-label\">Telefon<\/label><input type=\"text\" name=\"phone-1\" value=\"\" placeholder=\"\" id=\"forminator-field-phone-1\" class=\"forminator-input forminator-field--phone\" data-required=\"\" aria-required=\"false\" autocomplete=\"off\" \/><\/div><\/div><div id=\"email-1\" class=\"forminator-col forminator-col-6 \"><div class=\"forminator-field\"><label for=\"forminator-field-email-1\" class=\"forminator-label\">E-posta<\/label><input type=\"email\" name=\"email-1\" value=\"\" placeholder=\"\" id=\"forminator-field-email-1\" class=\"forminator-input forminator-email--field\" data-required=\"\" aria-required=\"false\" \/><\/div><\/div><\/div><div class=\"forminator-row\"><div id=\"name-3\" class=\"forminator-col forminator-col-12 \"><div class=\"forminator-field\"><label for=\"forminator-field-name-3\" class=\"forminator-label\">Tc Kimlik No veya Vergi No<\/label><input type=\"text\" name=\"name-3\" value=\"\" placeholder=\"\" id=\"forminator-field-name-3\" class=\"forminator-input forminator-name--field\" aria-required=\"false\" \/><\/div><\/div><\/div><div class=\"forminator-row\"><div id=\"textarea-2\" class=\"forminator-col forminator-col-12 \"><div class=\"forminator-field\"><label for=\"forminator-field-textarea-2\" class=\"forminator-label\">Mesaj\u0131n\u0131z<\/label><textarea name=\"textarea-2\" placeholder=\"\" id=\"forminator-field-textarea-2\" class=\"forminator-textarea\" rows=\"6\" style=\"min-height:140px;\" ><\/textarea><\/div><\/div><\/div><div class=\"forminator-row\"><div id=\"select-1\" class=\"forminator-col forminator-col-12 \"><div class=\"forminator-field\"><label for=\"forminator-form-894__field--select-1-label\" class=\"forminator-label\">Ven\u00fcs Sigorta Arac\u0131l\u0131k Hizmetleri Ltd. \u015eti. ile payla\u015fm\u0131\u015f oldu\u011fum ki\u015fisel ve\/veya \u00f6zel nitelikli ki\u015fisel verilerimin, sigortac\u0131l\u0131k faaliyetleri kapsam\u0131nda sunulan hizmetlerden yararlanmak maksad\u0131yla, Ayd\u0131nlatma Metni ve A\u00e7\u0131k R\u0131za Metni&#039;ne uygun \u015fekilde i\u015flenmesine ve aktar\u0131lmas\u0131na;<\/label><select id=\"forminator-form-894__field--select-1\" class=\"forminator-select--field forminator-select2\" data-required=\"\" name=\"select-1\" data-default-value=\"\" data-placeholder=\"\" data-search=\"false\"><option value=\"\u0130zin-Veriyorum\"  data-calculation=\"0\">\u0130zin Veriyorum<\/option><option value=\"\u0130zin-Vermiyorum\"  data-calculation=\"0\">\u0130zin Vermiyorum<\/option><\/select><\/div><\/div><\/div><div class=\"forminator-row\"><div id=\"checkbox-2\" class=\"forminator-col forminator-col-12 \"><div role=\"group\" class=\"forminator-field\" aria-labelledby=\"forminator-checkbox-group-69ecadd7f2915-label\"><h4 id=\"forminator-checkbox-group-69ecadd7f2915-label\" class=\"forminator-label\">Kvkk<\/h4><label for=\"forminator-field-checkbox-2-1-69ecadd7f2915\" class=\"forminator-checkbox\" title=\"Ki\u015fisel Verilerin i\u015flenmesi ve Aktar\u0131lmas\u0131na ili\u015fkin Ayd\u0131nlatma Metni&#039;ni okudum, onayl\u0131yorum.\"><input type=\"checkbox\" name=\"checkbox-2[]\" value=\"Ki\u015fisel-Verilerin-i\u015flenmesi-ve-Aktar\u0131lmas\u0131na-ili\u015fkin-Ayd\u0131nlatma-Metni&#039;ni-okudum,-onayl\u0131yorum.\" id=\"forminator-field-checkbox-2-1-69ecadd7f2915\" data-calculation=\"0\"  \/><span class=\"forminator-checkbox-box\" aria-hidden=\"true\"><\/span><span class=\"forminator-checkbox-label\">Ki\u015fisel Verilerin i\u015flenmesi ve Aktar\u0131lmas\u0131na ili\u015fkin Ayd\u0131nlatma Metni&#039;ni okudum, onayl\u0131yorum.<\/span><\/label><\/div><\/div><\/div><div class=\"forminator-row\"><div id=\"select-2\" class=\"forminator-col forminator-col-12 \"><div class=\"forminator-field\"><label for=\"forminator-form-894__field--select-2-label\" class=\"forminator-label\">6563 say\u0131l\u0131 Elektronik Ticaretin D\u00fczenlenmesi Hakk\u0131nda Kanun ve sair mevzuat \u00e7er\u00e7evesinde, Ven\u00fcs Sigorta Arac\u0131l\u0131k Hizmetleri Ltd. \u015eti.&#039;den ticari elektronik ileti almak i\u00e7in onay veriyorum<\/label><select id=\"forminator-form-894__field--select-2\" class=\"forminator-select--field forminator-select2\" data-required=\"\" name=\"select-2\" data-default-value=\"\" data-placeholder=\"\" data-search=\"false\"><option value=\"Evet\"  data-calculation=\"0\">Evet<\/option><option value=\"Hay\u0131r\"  data-calculation=\"0\">Hay\u0131r<\/option><\/select><\/div><\/div><\/div><input type=\"hidden\" name=\"referer_url\" value=\"\" \/><div class=\"forminator-row forminator-row-last\"><div class=\"forminator-col\"><div class=\"forminator-field\"><button class=\"forminator-button forminator-button-submit\">G&ouml;nder<\/button><\/div><\/div><\/div><input type=\"hidden\" id=\"forminator_nonce\" name=\"forminator_nonce\" value=\"f8d9e05865\" \/><input type=\"hidden\" name=\"_wp_http_referer\" value=\"\/index.php?rest_route=%2Fwp%2Fv2%2Fpages%2F873\" \/><input type=\"hidden\" name=\"form_id\" value=\"894\"><input type=\"hidden\" name=\"page_id\" value=\"873\"><input type=\"hidden\" name=\"form_type\" value=\"default\"><input type=\"hidden\" name=\"current_url\" value=\"https:\/\/venussigorta.com\/?rest_route=%2Fwp%2Fv2%2Fpages%2F873\"><input type=\"hidden\" name=\"render_id\" value=\"0\"><input type=\"hidden\" name=\"action\" value=\"forminator_submit_form_custom-forms\"><\/form><\/div>\r\n<p>[\/vc_column_text][\/vc_column][\/vc_row]<\/p>","protected":false},"excerpt":{"rendered":"<p>[vc_row][vc_column][vc_empty_space][vc_column_text]<\/p>\n","protected":false},"author":1,"featured_media":0,"parent":0,"menu_order":0,"comment_status":"closed","ping_status":"closed","template":"","meta":{"footnotes":""},"class_list":["post-873","page","type-page","status-publish","hentry"],"_links":{"self":[{"href":"https:\/\/venussigorta.com\/index.php?rest_route=\/wp\/v2\/pages\/873","targetHints":{"allow":["GET"]}}],"collection":[{"href":"https:\/\/venussigorta.com\/index.php?rest_route=\/wp\/v2\/pages"}],"about":[{"href":"https:\/\/venussigorta.com\/index.php?rest_route=\/wp\/v2\/types\/page"}],"author":[{"embeddable":true,"href":"https:\/\/venussigorta.com\/index.php?rest_route=\/wp\/v2\/users\/1"}],"replies":[{"embeddable":true,"href":"https:\/\/venussigorta.com\/index.php?rest_route=%2Fwp%2Fv2%2Fcomments&post=873"}],"version-history":[{"count":6,"href":"https:\/\/venussigorta.com\/index.php?rest_route=\/wp\/v2\/pages\/873\/revisions"}],"predecessor-version":[{"id":1124,"href":"https:\/\/venussigorta.com\/index.php?rest_route=\/wp\/v2\/pages\/873\/revisions\/1124"}],"wp:attachment":[{"href":"https:\/\/venussigorta.com\/index.php?rest_route=%2Fwp%2Fv2%2Fmedia&parent=873"}],"curies":[{"name":"wp","href":"https:\/\/api.w.org\/{rel}","templated":true}]}}