{"id":865,"date":"2021-12-12T07:43:40","date_gmt":"2021-12-12T04:43:40","guid":{"rendered":"http:\/\/venussigorta.com\/?page_id=865"},"modified":"2022-02-20T21:43:45","modified_gmt":"2022-02-20T18:43:45","slug":"hakkimizda","status":"publish","type":"page","link":"https:\/\/venussigorta.com\/?page_id=865","title":{"rendered":"Hakk\u0131m\u0131zda"},"content":{"rendered":"<p>[vc_row][vc_column width=&#8221;1\/2&#8243;][vc_empty_space height=&#8221;35px&#8221;][vc_single_image image=&#8221;817&#8243; img_size=&#8221;full&#8221; css_animation=&#8221;fadeInLeft&#8221; css=&#8221;.vc_custom_1639284218801{margin-top: 30px !important;}&#8221;][\/vc_column][vc_column width=&#8221;1\/2&#8243; css=&#8221;.vc_custom_1628466724354{margin-top: 25px !important;}&#8221;][vc_empty_space height=&#8221;35px&#8221;][vc_empty_space height=&#8221;20px&#8221;][vc_empty_space height=&#8221;20px&#8221;]<h3 class='heading-middle  divider-modern' ><span>HAKKIMIZDA<\/span><\/h3>[vc_empty_space height=&#8221;20px&#8221;][vc_column_text css_animation=&#8221;fadeInRight&#8221;]<\/p>\n<article id=\"post-\" class=\"testimonial clearfix\">\n<div class=\"post_content\">\n<p>De\u011ferli Sigortal\u0131lar\u0131m\u0131z, Ven\u00fcs Sigorta olarak sizlere 1994 y\u0131l\u0131ndan bu yana, sigortac\u0131l\u0131k sekt\u00f6r\u00fcnde; m\u00fc\u015fteri ihtiya\u00e7lar\u0131n\u0131 merkeze koydu\u011fumuz ve bu sebeple m\u00fc\u015fteri memnuniyetini esas alan bir bak\u0131\u015f a\u00e7\u0131s\u0131yla hizmet vermekteyiz. G\u00fcn\u00fcm\u00fcz standart sigortac\u0131l\u0131k anlay\u0131\u015f\u0131n\u0131n d\u0131\u015f\u0131nda bir bak\u0131\u015f a\u00e7\u0131s\u0131yla hem \u00fclkemizdeki hem d\u00fcnyadaki g\u00fcncel sigortac\u0131l\u0131k trendlerini takip ederek t\u00fcm ekibimizle sigortal\u0131lar\u0131m\u0131za daima dinamik bir hizmet sunmay\u0131 hedefliyoruz. Sizleri de on binlerce sigortal\u0131m\u0131z ailesinde g\u00f6rmekten b\u00fcy\u00fck memnuniyet duyaca\u011f\u0131z.<\/p>\n<\/div>\n<\/article>\n<p>[\/vc_column_text][\/vc_column][\/vc_row][vc_row css=&#8221;.vc_custom_1528673138891{margin-top: 30px !important;}&#8221;][vc_column width=&#8221;1\/2&#8243;]<h3 class='heading-middle  divider-modern' ><span>V\u0130ZYONUMUZ<\/span><\/h3>[vc_empty_space][vc_column_text css_animation=&#8221;fadeInDown&#8221;]<\/p>\n<p style=\"font-weight: 400;\">Bireylerin ve kurumlar\u0131n hayat d\u00f6ng\u00fcleri i\u00e7erisinde, sigorta ihtiya\u00e7lar\u0131n\u0131 do\u011fru belirleyerek, kar\u015f\u0131la\u015fabilecekleri riskler kar\u015f\u0131s\u0131ndaki zararlar\u0131n\u0131 en aza indirmek ve bir sosyal sorumluluk \u00f6rne\u011fi olarak sigorta bilincinin artmas\u0131na katk\u0131da bulunmak.<\/p>\n<p>[\/vc_column_text][\/vc_column][vc_column width=&#8221;1\/2&#8243;]<h3 class='heading-middle  divider-modern' ><span>M\u0130SYONUMUZ<\/span><\/h3>[vc_empty_space][vc_column_text css_animation=&#8221;fadeInDown&#8221;]Sigortac\u0131l\u0131\u011f\u0131n en \u00f6nemli yap\u0131ta\u015f\u0131n\u0131n g\u00fcven oldu\u011funun bilincinde olan, m\u00fc\u015fteri ihtiya\u00e7lar\u0131na en iyi \u015fekilde cevap veren, teknolojiyi ve inovatif d\u00fc\u015f\u00fcnceyi etkin bir \u015fekilde kullanan, sadece sat\u0131\u015f esnas\u0131nda de\u011fil; sat\u0131\u015f sonras\u0131nda da m\u00fc\u015fterilerinin yan\u0131nda olan, \u00f6nc\u00fc ve kurumsal bir \u015firket olmakt\u0131r.[\/vc_column_text][\/vc_column][\/vc_row]<\/p>\n","protected":false},"excerpt":{"rendered":"<p>[vc_row][vc_column width=&#8221;1\/2&#8243;][vc_empty_space height=&#8221;35px&#8221;][vc_single_image image=&#8221;817&#8243; img_size=&#8221;full&#8221; css_animation=&#8221;fadeInLeft&#8221; css=&#8221;.vc_custom_1639284218801{margin-top: 30px !important;}&#8221;][\/vc_column][vc_column width=&#8221;1\/2&#8243; css=&#8221;.vc_custom_1628466724354{margin-top: 25px !important;}&#8221;][vc_empty_space height=&#8221;35px&#8221;][vc_empty_space height=&#8221;20px&#8221;][vc_empty_space height=&#8221;20px&#8221;][vc_empty_space height=&#8221;20px&#8221;][vc_column_text css_animation=&#8221;fadeInRight&#8221;] De\u011ferli Sigortal\u0131lar\u0131m\u0131z, Ven\u00fcs Sigorta olarak sizlere 1994 y\u0131l\u0131ndan bu yana, sigortac\u0131l\u0131k sekt\u00f6r\u00fcnde; m\u00fc\u015fteri ihtiya\u00e7lar\u0131n\u0131 merkeze koydu\u011fumuz ve bu sebeple m\u00fc\u015fteri memnuniyetini esas&#8230;<\/p>\n","protected":false},"author":1,"featured_media":0,"parent":0,"menu_order":0,"comment_status":"closed","ping_status":"closed","template":"","meta":{"footnotes":""},"class_list":["post-865","page","type-page","status-publish","hentry"],"_links":{"self":[{"href":"https:\/\/venussigorta.com\/index.php?rest_route=\/wp\/v2\/pages\/865","targetHints":{"allow":["GET"]}}],"collection":[{"href":"https:\/\/venussigorta.com\/index.php?rest_route=\/wp\/v2\/pages"}],"about":[{"href":"https:\/\/venussigorta.com\/index.php?rest_route=\/wp\/v2\/types\/page"}],"author":[{"embeddable":true,"href":"https:\/\/venussigorta.com\/index.php?rest_route=\/wp\/v2\/users\/1"}],"replies":[{"embeddable":true,"href":"https:\/\/venussigorta.com\/index.php?rest_route=%2Fwp%2Fv2%2Fcomments&post=865"}],"version-history":[{"count":5,"href":"https:\/\/venussigorta.com\/index.php?rest_route=\/wp\/v2\/pages\/865\/revisions"}],"predecessor-version":[{"id":1129,"href":"https:\/\/venussigorta.com\/index.php?rest_route=\/wp\/v2\/pages\/865\/revisions\/1129"}],"wp:attachment":[{"href":"https:\/\/venussigorta.com\/index.php?rest_route=%2Fwp%2Fv2%2Fmedia&parent=865"}],"curies":[{"name":"wp","href":"https:\/\/api.w.org\/{rel}","templated":true}]}}