{"id":855,"date":"2021-12-12T02:15:47","date_gmt":"2021-12-11T23:15:47","guid":{"rendered":"http:\/\/venussigorta.com\/?page_id=855"},"modified":"2022-01-15T11:16:02","modified_gmt":"2022-01-15T08:16:02","slug":"bireysel","status":"publish","type":"page","link":"https:\/\/venussigorta.com\/?page_id=855","title":{"rendered":"Bireysel Sigorta"},"content":{"rendered":"<p>[vc_row][vc_column][vc_empty_space][vc_empty_space][vc_empty_space][vc_custom_heading text=&#8221;Sahip oldu\u011funuz her \u015fey hepimiz i\u00e7in \u00e7ok k\u0131ymetli. En basit anlat\u0131m\u0131yla araban\u0131zdan, evinize, evcil hayvanlar\u0131n\u0131zdan, sa\u011fl\u0131\u011f\u0131n\u0131za kadar en \u00f6nemli de\u011ferlerinizi korumak i\u00e7in buraday\u0131z. De\u011fer verdikleriniz i\u00e7in neler yapabilece\u011fimizi alan\u0131nda uzman sigortac\u0131lar\u0131m\u0131z\u0131n sizlere ula\u015farak, en anla\u015f\u0131labilir \u015fekilde sizlere anlatmas\u0131n\u0131 dilerseniz, bizlere ileti\u015fim formunu doldurarak aranma talebinde bulunabilir ya da ileti\u015fim bilgilerimizden bize diledi\u011finiz zaman ula\u015fabilirsiniz.&#8221; font_container=&#8221;tag:p|text_align:center&#8221; google_fonts=&#8221;font_family:Montserrat%3Aregular%2C700|font_style:400%20regular%3A400%3Anormal&#8221;][vc_empty_space][\/vc_column][\/vc_row][vc_row][vc_column width=&#8221;1\/3&#8243;]<div class=\"icon-m icon-m--style-2\"><div class=\"icon-m__header\"><div class=\"icon-m__media\" style=\"color:#dd3333;background-color:#ffffff;\"><i class=\"fas fa-paw\"><\/i><\/div><\/div><\/div>[vc_custom_heading text=&#8221;EVC\u0130L HAYVAN S\u0130GORTASI&#8221; font_container=&#8221;tag:h2|text_align:center&#8221; google_fonts=&#8221;font_family:Montserrat%3Aregular%2C700|font_style:700%20bold%20regular%3A700%3Anormal&#8221;][vc_empty_space][vc_empty_space]<div class=\"icon-m icon-m--style-2\"><div class=\"icon-m__header\"><div class=\"icon-m__media\" style=\"color:#dd3333;background-color:#ffffff;\"><i class=\"fas fa-car-crash\"><\/i><\/div><\/div><\/div>[vc_custom_heading text=&#8221;KASKO S\u0130GORTASI&#8221; font_container=&#8221;tag:h2|text_align:center&#8221; google_fonts=&#8221;font_family:Montserrat%3Aregular%2C700|font_style:700%20bold%20regular%3A700%3Anormal&#8221;][vc_empty_space][\/vc_column][vc_column width=&#8221;1\/3&#8243;]<div class=\"icon-m icon-m--style-2\"><div class=\"icon-m__header\"><div class=\"icon-m__media\" style=\"color:#dd3333;background-color:#ffffff;\"><i class=\"fas fa-tachometer-alt\"><\/i><\/div><\/div><\/div>[vc_custom_heading text=&#8221;TRAF\u0130K S\u0130GORTASI&#8221; font_container=&#8221;tag:h2|text_align:center&#8221; google_fonts=&#8221;font_family:Montserrat%3Aregular%2C700|font_style:700%20bold%20regular%3A700%3Anormal&#8221;][vc_empty_space][vc_empty_space]<div class=\"icon-m icon-m--style-2\"><div class=\"icon-m__header\"><div class=\"icon-m__media\" style=\"color:#dd3333;background-color:#ffffff;\"><i class=\"fas fa-hand-holding-heart\"><\/i><\/div><\/div><\/div>[vc_custom_heading text=&#8221;\u00d6ZEL SA\u011eLIK S\u0130GORTASI&#8221; font_container=&#8221;tag:h2|text_align:center&#8221; google_fonts=&#8221;font_family:Montserrat%3Aregular%2C700|font_style:700%20bold%20regular%3A700%3Anormal&#8221;][vc_empty_space][\/vc_column][vc_column width=&#8221;1\/3&#8243;]<div class=\"icon-m icon-m--style-2\"><div class=\"icon-m__header\"><div class=\"icon-m__media\" style=\"color:#dd3333;background-color:#ffffff;\"><i class=\"fas fa-heartbeat\"><\/i><\/div><\/div><\/div>[vc_custom_heading text=&#8221;TAMAMLAYICI SA\u011eLIK S\u0130GORTASI&#8221; font_container=&#8221;tag:h2|text_align:center&#8221; google_fonts=&#8221;font_family:Montserrat%3Aregular%2C700|font_style:700%20bold%20regular%3A700%3Anormal&#8221;][vc_empty_space][vc_empty_space]<div class=\"icon-m icon-m--style-2\"><div class=\"icon-m__header\"><div class=\"icon-m__media\" style=\"color:#dd3333;background-color:#ffffff;\"><i class=\"fas fa-home\"><\/i><\/div><\/div><\/div>[vc_custom_heading text=&#8221;KONUT S\u0130GORTASI&#8221; font_container=&#8221;tag:h2|text_align:center&#8221; google_fonts=&#8221;font_family:Montserrat%3Aregular%2C700|font_style:700%20bold%20regular%3A700%3Anormal&#8221;][vc_empty_space][\/vc_column][\/vc_row][vc_row][vc_column width=&#8221;1\/4&#8243;][\/vc_column][vc_column width=&#8221;1\/2&#8243;][vc_btn title=&#8221;Teklif Al&#8221; color=&#8221;juicy-pink&#8221; size=&#8221;sm&#8221; align=&#8221;center&#8221; button_block=&#8221;true&#8221; link=&#8221;url:http%3A%2F%2Fvenussigorta.com%2F%3Fpage_id%3D873&#8243;][\/vc_column][vc_column width=&#8221;1\/4&#8243;][\/vc_column][\/vc_row]<\/p>\n","protected":false},"excerpt":{"rendered":"<p>[vc_row][vc_column][vc_empty_space][vc_empty_space][vc_empty_space][vc_custom_heading text=&#8221;Sahip oldu\u011funuz her \u015fey hepimiz i\u00e7in \u00e7ok k\u0131ymetli. En basit anlat\u0131m\u0131yla araban\u0131zdan, evinize, evcil hayvanlar\u0131n\u0131zdan, sa\u011fl\u0131\u011f\u0131n\u0131za kadar en \u00f6nemli de\u011ferlerinizi korumak i\u00e7in buraday\u0131z. De\u011fer verdikleriniz i\u00e7in neler yapabilece\u011fimizi alan\u0131nda uzman sigortac\u0131lar\u0131m\u0131z\u0131n sizlere ula\u015farak, en anla\u015f\u0131labilir \u015fekilde sizlere anlatmas\u0131n\u0131 dilerseniz,&#8230;<\/p>\n","protected":false},"author":1,"featured_media":0,"parent":0,"menu_order":0,"comment_status":"closed","ping_status":"closed","template":"","meta":{"footnotes":""},"class_list":["post-855","page","type-page","status-publish","hentry"],"_links":{"self":[{"href":"https:\/\/venussigorta.com\/index.php?rest_route=\/wp\/v2\/pages\/855","targetHints":{"allow":["GET"]}}],"collection":[{"href":"https:\/\/venussigorta.com\/index.php?rest_route=\/wp\/v2\/pages"}],"about":[{"href":"https:\/\/venussigorta.com\/index.php?rest_route=\/wp\/v2\/types\/page"}],"author":[{"embeddable":true,"href":"https:\/\/venussigorta.com\/index.php?rest_route=\/wp\/v2\/users\/1"}],"replies":[{"embeddable":true,"href":"https:\/\/venussigorta.com\/index.php?rest_route=%2Fwp%2Fv2%2Fcomments&post=855"}],"version-history":[{"count":41,"href":"https:\/\/venussigorta.com\/index.php?rest_route=\/wp\/v2\/pages\/855\/revisions"}],"predecessor-version":[{"id":1121,"href":"https:\/\/venussigorta.com\/index.php?rest_route=\/wp\/v2\/pages\/855\/revisions\/1121"}],"wp:attachment":[{"href":"https:\/\/venussigorta.com\/index.php?rest_route=%2Fwp%2Fv2%2Fmedia&parent=855"}],"curies":[{"name":"wp","href":"https:\/\/api.w.org\/{rel}","templated":true}]}}