{"id":843,"date":"2021-12-11T18:33:05","date_gmt":"2021-12-11T15:33:05","guid":{"rendered":"http:\/\/venussigorta.com\/?page_id=843"},"modified":"2022-02-20T21:44:36","modified_gmt":"2022-02-20T18:44:36","slug":"iletisim","status":"publish","type":"page","link":"https:\/\/venussigorta.com\/?page_id=843","title":{"rendered":"\u0130LET\u0130\u015e\u0130M"},"content":{"rendered":"<p>[vc_row][vc_column width=&#8221;1\/2&#8243;][vc_empty_space height=&#8221;50px&#8221;][vc_column_text]<\/p>\n<h4><span style=\"color: #999999;\"><strong>VEN\u00dcS S\u0130GORTA<\/strong><\/span><\/h4>\n<p><strong>Adres:<\/strong> Mahatma Gandhi Cad. 76\/8 GOP \u00c7ankaya ANKARA<br \/>\n<strong>Telefon:<\/strong> 0312 229 91 57<br \/>\n<strong>E Mail:<\/strong>\u00a0info@venussigorta.com[\/vc_column_text][\/vc_column][vc_column width=&#8221;1\/2&#8243;][vc_empty_space height=&#8221;50px&#8221;][vc_column_text]<iframe loading=\"lazy\" style=\"border: 0;\" src=\"https:\/\/www.google.com\/maps\/embed?pb=!1m18!1m12!1m3!1d3061.1638814858034!2d32.875592315380025!3d39.89296297942943!2m3!1f0!2f0!3f0!3m2!1i1024!2i768!4f13.1!3m3!1m2!1s0x14d34feb19d8ae93%3A0x376eb1c57033dad5!2sB%C3%BCy%C3%BCkesat%2C%20Mahatma%20Gandhi%20Cd.%2076%2F8%2C%2006610%20%C3%87ankaya%2FAnkara!5e0!3m2!1str!2str!4v1639284411661!5m2!1str!2str\" width=\"600\" height=\"450\" allowfullscreen=\"allowfullscreen\"><\/iframe>[\/vc_column_text][\/vc_column][\/vc_row]<\/p>\n","protected":false},"excerpt":{"rendered":"<p>[vc_row][vc_column width=&#8221;1\/2&#8243;][vc_empty_space height=&#8221;50px&#8221;][vc_column_text] VEN\u00dcS S\u0130GORTA Adres: Mahatma Gandhi Cad. 76\/8 GOP \u00c7ankaya ANKARA Telefon: 0312 229 91 57 E Mail:\u00a0info@venussigorta.com[\/vc_column_text][\/vc_column][vc_column width=&#8221;1\/2&#8243;][vc_empty_space height=&#8221;50px&#8221;][vc_column_text][\/vc_column_text][\/vc_column][\/vc_row]<\/p>\n","protected":false},"author":1,"featured_media":0,"parent":0,"menu_order":0,"comment_status":"closed","ping_status":"closed","template":"","meta":{"footnotes":""},"class_list":["post-843","page","type-page","status-publish","hentry"],"_links":{"self":[{"href":"https:\/\/venussigorta.com\/index.php?rest_route=\/wp\/v2\/pages\/843","targetHints":{"allow":["GET"]}}],"collection":[{"href":"https:\/\/venussigorta.com\/index.php?rest_route=\/wp\/v2\/pages"}],"about":[{"href":"https:\/\/venussigorta.com\/index.php?rest_route=\/wp\/v2\/types\/page"}],"author":[{"embeddable":true,"href":"https:\/\/venussigorta.com\/index.php?rest_route=\/wp\/v2\/users\/1"}],"replies":[{"embeddable":true,"href":"https:\/\/venussigorta.com\/index.php?rest_route=%2Fwp%2Fv2%2Fcomments&post=843"}],"version-history":[{"count":4,"href":"https:\/\/venussigorta.com\/index.php?rest_route=\/wp\/v2\/pages\/843\/revisions"}],"predecessor-version":[{"id":1131,"href":"https:\/\/venussigorta.com\/index.php?rest_route=\/wp\/v2\/pages\/843\/revisions\/1131"}],"wp:attachment":[{"href":"https:\/\/venussigorta.com\/index.php?rest_route=%2Fwp%2Fv2%2Fmedia&parent=843"}],"curies":[{"name":"wp","href":"https:\/\/api.w.org\/{rel}","templated":true}]}}